{"id":443,"date":"2026-01-23T18:56:31","date_gmt":"2026-01-23T17:56:31","guid":{"rendered":"https:\/\/139-162-178-13.ip.linodeusercontent.com\/?page_id=443"},"modified":"2026-02-14T21:48:34","modified_gmt":"2026-02-14T20:48:34","slug":"obecanje-i-zavjet","status":"publish","type":"page","link":"https:\/\/172-104-237-14.ip.linodeusercontent.com\/index.php\/o-izvidacima\/obecanje-i-zavjet\/","title":{"rendered":"Obe\u0107anje i Zavjet"},"content":{"rendered":"\t\t<div data-elementor-type=\"wp-page\" data-elementor-id=\"443\" class=\"elementor elementor-443\" data-elementor-post-type=\"page\">\n\t\t\t\t<div class=\"elementor-element elementor-element-75e3ff1 e-flex e-con-boxed e-con e-parent\" data-id=\"75e3ff1\" data-element_type=\"container\" data-e-type=\"container\">\n\t\t\t\t\t<div class=\"e-con-inner\">\n\t\t\t\t<div class=\"elementor-element elementor-element-92b9530 elementor-widget elementor-widget-heading\" data-id=\"92b9530\" data-element_type=\"widget\" data-e-type=\"widget\" data-widget_type=\"heading.default\">\n\t\t\t\t\t<h1 class=\"elementor-heading-title elementor-size-default\">OBE\u0106ANJE I ZAVJET<\/h1>\t\t\t\t<\/div>\n\t\t\t\t<div class=\"elementor-element elementor-element-9c6095a elementor-widget elementor-widget-html\" data-id=\"9c6095a\" data-element_type=\"widget\" data-e-type=\"widget\" data-widget_type=\"html.default\">\n\t\t\t\t\t<div style=\"max-width: 800px; margin: 40px auto; font-family: 'Georgia', serif; line-height: 1.8;\">\r\n  \r\n  <!-- Poletarci -->\r\n  <div style=\"background: linear-gradient(135deg, #11A64F 0%, #A4C77F 100%); color: white; padding: 25px; border-radius: 15px; margin-bottom: 30px; text-align: center; box-shadow: 0 10px 30px rgba(17,166,79,0.3);\">\r\n    <h2 style=\"margin: 0 0 15px 0; font-size: 28px;\">\ud83e\udd8a Pripremni poletarci<\/h2>\r\n    <div style=\"font-size: 18px; font-style: italic;\">\r\n      <strong>\"\u017delja mi je \u2026\"<\/strong><br>\r\n      biti dobar poletarac,<br>\r\n      upoznavati svoju Domovinu,<br>\r\n      igrati se i u\u010diti,<br>\r\n      nositi izvi\u0111a\u010dku maramu oko vrata.\r\n    <\/div>\r\n  <\/div>\r\n\r\n  <!-- Obe\u0107anje -->\r\n  <div style=\"background: linear-gradient(135deg, #11A64F 0%, #A4C77F 100%); color: white; padding: 25px; border-radius: 15px; margin-bottom: 30px; text-align: center; box-shadow: 0 10px 30px rgba(17,166,79,0.3);\">\r\n    <h3 style=\"margin: 0 0 15px 0; font-size: 28px;\">\ud83d\udc1d Obe\u0107anje poletaraca\/p\u010delica<\/h3>\r\n    <div style=\"font-size: 18px; font-style: italic;\">\r\n      <strong>Obe\u0107avam da \u0107u \u2026<\/strong><br>\r\n      Biti dobar poletarac \/ p\u010delica, odnosno vu\u010di\u0107 \/ vu\u010dica<br>\r\n      Voljeti svoju Domovinu,<br>\r\n      Po\u0161tivati svoju i vjeru drugih ljudi,<br>\r\n      U\u010diti i po\u0161tovati Izvi\u0111a\u010dke zakone.\r\n    <\/div>\r\n    <div style=\"background: rgba(255,255,255,0.2); padding: 15px; border-radius: 8px; margin-top: 15px; font-size: 14px; border-left: 4px solid #FFFFFF;\">\r\n      <strong>\u270d\ufe0f Slu\u017ebeno (SIH):<\/strong><br>\r\n      Obe\u0107ajem da \u0107u \u2026 <br>Voljeti i upoznavati svoju domovinu,<br> Ispunjavati zakone poletaraca i <br>Svaki dan u\u010diniti ne\u0161to dobro.\r\n    <\/div>\r\n  <\/div>\r\n\r\n  <!-- Zavjet -->\r\n  <div style=\"background: linear-gradient(135deg, #11A64F 0%, #A4C77F 100%); color: white; padding: 25px; border-radius: 15px; margin-bottom: 30px; text-align: center; box-shadow: 0 10px 30px rgba(17,166,79,0.3);\">\r\n    <h3 style=\"margin: 0 0 15px 0; font-size: 28px;\">\ud83d\udee1\ufe0f Zavjet izvi\u0111a\u010da<\/h3>\r\n    <div style=\"font-size: 18px; font-style: italic;\">\r\n      <strong>Zavjetujem se svojom \u010da\u0161\u0107u da \u0107u \u2026<\/strong><br>\r\n      Po\u0161tivati Izvi\u0111a\u010dke zakone,<br>\r\n      Biti uzoran gra\u0111anin,<br>\r\n      Po\u0161tivati svoju i vjeru drugih ljudi,<br>\r\n      Te nesebi\u010dno pomagati.\r\n    <\/div>\r\n    <div style=\"background: rgba(255,255,255,0.2); padding: 20px; border-radius: 10px; margin: 20px 0; border: 2px solid #FFFFFF;\">\r\n      <strong>\ud83d\udcdc Slu\u017ebeno (SIH):<\/strong><br>\r\n      <em>Svojom \u010da\u0161\u0107u zavjetujem se da \u0107u:<br>\r\n      Ispunjavati gra\u0111anske du\u017enosti,<br>\r\n      Biti privr\u017een duhovnim na\u010delima,<br>\r\n      Pomagati drugima,<br>\r\n      Po\u0161tivati Izvi\u0111a\u010dke zakone.<\/em>\r\n    <\/div>\r\n    <div style=\"background: rgba(255,255,255,0.2); padding: 15px; border-radius: 8px; border-left: 4px solid #FFFFFF; font-style: italic;\">\r\n      <strong>\ud83d\udca1 Osobni zavjet:<\/strong> Izvi\u0111a\u010d mo\u017ee sam osmisli rije\u010di, pro\u0161iri ga ili dopuni osobnim zavjetima, uklju\u010duju\u0107i osnovni smisao i po\u0161tivanje Bo\u017ejih zapovjedi.\r\n    <\/div>\r\n  <\/div>\r\n\r\n<\/div>\r\n\t\t\t\t<\/div>\n\t\t\t\t\t<\/div>\n\t\t\t\t<\/div>\n\t\t\t\t<\/div>\n\t\t","protected":false},"excerpt":{"rendered":"<p>OBE\u0106ANJE I ZAVJET \ud83e\udd8a Pripremni poletarci &#8220;\u017delja mi je \u2026&#8221; biti dobar poletarac, upoznavati svoju Domovinu, igrati se i u\u010diti, nositi izvi\u0111a\u010dku maramu oko vrata. \ud83d\udc1d Obe\u0107anje poletaraca\/p\u010delica Obe\u0107avam da \u0107u \u2026 Biti dobar poletarac \/ p\u010delica, odnosno vu\u010di\u0107 \/ vu\u010dica Voljeti svoju Domovinu, Po\u0161tivati svoju i vjeru drugih ljudi, U\u010diti i po\u0161tovati Izvi\u0111a\u010dke zakone. [&hellip;]<\/p>\n","protected":false},"author":1,"featured_media":0,"parent":11,"menu_order":0,"comment_status":"closed","ping_status":"closed","template":"","meta":{"footnotes":""},"class_list":["post-443","page","type-page","status-publish","hentry"],"_links":{"self":[{"href":"https:\/\/172-104-237-14.ip.linodeusercontent.com\/index.php\/wp-json\/wp\/v2\/pages\/443","targetHints":{"allow":["GET"]}}],"collection":[{"href":"https:\/\/172-104-237-14.ip.linodeusercontent.com\/index.php\/wp-json\/wp\/v2\/pages"}],"about":[{"href":"https:\/\/172-104-237-14.ip.linodeusercontent.com\/index.php\/wp-json\/wp\/v2\/types\/page"}],"author":[{"embeddable":true,"href":"https:\/\/172-104-237-14.ip.linodeusercontent.com\/index.php\/wp-json\/wp\/v2\/users\/1"}],"replies":[{"embeddable":true,"href":"https:\/\/172-104-237-14.ip.linodeusercontent.com\/index.php\/wp-json\/wp\/v2\/comments?post=443"}],"version-history":[{"count":16,"href":"https:\/\/172-104-237-14.ip.linodeusercontent.com\/index.php\/wp-json\/wp\/v2\/pages\/443\/revisions"}],"predecessor-version":[{"id":1158,"href":"https:\/\/172-104-237-14.ip.linodeusercontent.com\/index.php\/wp-json\/wp\/v2\/pages\/443\/revisions\/1158"}],"up":[{"embeddable":true,"href":"https:\/\/172-104-237-14.ip.linodeusercontent.com\/index.php\/wp-json\/wp\/v2\/pages\/11"}],"wp:attachment":[{"href":"https:\/\/172-104-237-14.ip.linodeusercontent.com\/index.php\/wp-json\/wp\/v2\/media?parent=443"}],"curies":[{"name":"wp","href":"https:\/\/api.w.org\/{rel}","templated":true}]}}