{"id":67,"date":"2026-01-14T16:56:36","date_gmt":"2026-01-14T15:56:36","guid":{"rendered":"https:\/\/139-162-178-13.ip.linodeusercontent.com\/index.php\/pocetna-2\/"},"modified":"2026-03-01T00:18:40","modified_gmt":"2026-02-28T23:18:40","slug":"pocetna-2","status":"publish","type":"page","link":"https:\/\/172-104-237-14.ip.linodeusercontent.com\/","title":{"rendered":"Naslovnica"},"content":{"rendered":"\t\t<div data-elementor-type=\"wp-page\" data-elementor-id=\"67\" class=\"elementor elementor-67\" data-elementor-post-type=\"page\">\n\t\t\t\t<div class=\"elementor-element elementor-element-026b4ab e-flex e-con-boxed e-con e-parent\" data-id=\"026b4ab\" data-element_type=\"container\" data-e-type=\"container\">\n\t\t\t\t\t<div class=\"e-con-inner\">\n\t\t\t\t\t<\/div>\n\t\t\t\t<\/div>\n\t\t<div class=\"elementor-element elementor-element-6a6dffb e-flex e-con-boxed e-con e-parent\" data-id=\"6a6dffb\" data-element_type=\"container\" data-e-type=\"container\">\n\t\t\t\t\t<div class=\"e-con-inner\">\n\t\t\t\t\t<\/div>\n\t\t\t\t<\/div>\n\t\t<div class=\"elementor-element elementor-element-cdf4b0f e-flex e-con-boxed e-con e-parent\" data-id=\"cdf4b0f\" data-element_type=\"container\" data-e-type=\"container\">\n\t\t\t\t\t<div class=\"e-con-inner\">\n\t\t<div class=\"elementor-element elementor-element-976241c e-con-full e-flex e-con e-child\" data-id=\"976241c\" data-element_type=\"container\" data-e-type=\"container\">\n\t\t\t\t<div class=\"elementor-element elementor-element-313436d elementor-widget elementor-widget-heading\" data-id=\"313436d\" data-element_type=\"widget\" data-e-type=\"widget\" data-widget_type=\"heading.default\">\n\t\t\t\t\t<h6 class=\"elementor-heading-title elementor-size-default\">Na\u0161i nadolaze\u0107i doga\u0111aji<\/h6>\t\t\t\t<\/div>\n\t\t\t\t<div class=\"elementor-element elementor-element-c862fcd elementor-widget elementor-widget-heading\" data-id=\"c862fcd\" data-element_type=\"widget\" data-e-type=\"widget\" data-widget_type=\"heading.default\">\n\t\t\t\t\t<h1 class=\"elementor-heading-title elementor-size-default\">Doga\u0111aji<\/h1>\t\t\t\t<\/div>\n\t\t\t\t<div class=\"elementor-element elementor-element-50d1f93 elementor-widget elementor-widget-text-editor\" data-id=\"50d1f93\" data-element_type=\"widget\" data-e-type=\"widget\" data-widget_type=\"text-editor.default\">\n\t\t\t\t\t\t\t\t\t<p>Ovdje mo\u017eete prona\u0107i informacije o planiranim doga\u0111ajima i aktivnostima. Pratite kalendar kako biste bili u toku sa svim prilikama za sudjelovanje.<\/p>\t\t\t\t\t\t\t\t<\/div>\n\t\t\t\t<\/div>\n\t\t\t\t<div class=\"elementor-element elementor-element-db29ff7 elementor-widget__width-initial elementor-widget elementor-widget-shortcode\" data-id=\"db29ff7\" data-element_type=\"widget\" data-e-type=\"widget\" data-widget_type=\"shortcode.default\">\n\t\t\t\t\t\t\t<div class=\"elementor-shortcode\">\n  <div id='hycal-6417ac47247b330930bed2f73e0d2ac8ae261ea93239cc8dee6f546316fb4276' class='hydrogen-calendar-embeds hycal-container'>loading...<\/div>\n  \n\n<\/div>\n\t\t\t\t\t\t<\/div>\n\t\t\t\t\t<\/div>\n\t\t\t\t<\/div>\n\t\t<div class=\"elementor-element elementor-element-edc91cc e-con-full e-flex e-con e-parent\" data-id=\"edc91cc\" data-element_type=\"container\" data-e-type=\"container\">\n\t\t<div class=\"elementor-element elementor-element-5545295 e-con-full e-flex e-con e-child\" data-id=\"5545295\" data-element_type=\"container\" data-e-type=\"container\">\n\t\t\t\t<div class=\"elementor-element elementor-element-e837f50 elementor-widget elementor-widget-heading\" data-id=\"e837f50\" data-element_type=\"widget\" data-e-type=\"widget\" data-widget_type=\"heading.default\">\n\t\t\t\t\t<h1 class=\"elementor-heading-title elementor-size-default\">Najnovije vijesti<\/h1>\t\t\t\t<\/div>\n\t\t\t\t<div class=\"elementor-element elementor-element-c98cf63 elementor-hidden-tablet elementor-hidden-mobile elementor-widget elementor-widget-heading\" data-id=\"c98cf63\" data-element_type=\"widget\" data-e-type=\"widget\" data-widget_type=\"heading.default\">\n\t\t\t\t\t<h4 class=\"elementor-heading-title elementor-size-default\">Aktualnosti i novosti na\u0161e organizacije<\/h4>\t\t\t\t<\/div>\n\t\t\t\t<\/div>\n\t\t\t\t<div class=\"elementor-element elementor-element-1026fd3 elementor-grid-3 elementor-grid-tablet-2 elementor-grid-mobile-1 elementor-posts--thumbnail-top elementor-card-shadow-yes elementor-posts__hover-gradient elementor-widget elementor-widget-posts\" data-id=\"1026fd3\" data-element_type=\"widget\" data-e-type=\"widget\" data-settings=\"{&quot;pagination_type&quot;:&quot;numbers_and_prev_next&quot;,&quot;cards_columns&quot;:&quot;3&quot;,&quot;cards_columns_tablet&quot;:&quot;2&quot;,&quot;cards_columns_mobile&quot;:&quot;1&quot;,&quot;cards_row_gap&quot;:{&quot;unit&quot;:&quot;px&quot;,&quot;size&quot;:35,&quot;sizes&quot;:[]},&quot;cards_row_gap_tablet&quot;:{&quot;unit&quot;:&quot;px&quot;,&quot;size&quot;:&quot;&quot;,&quot;sizes&quot;:[]},&quot;cards_row_gap_mobile&quot;:{&quot;unit&quot;:&quot;px&quot;,&quot;size&quot;:&quot;&quot;,&quot;sizes&quot;:[]}}\" data-widget_type=\"posts.cards\">\n\t\t\t\t<div class=\"elementor-widget-container\">\n\t\t\t\t\t\t\t<div class=\"elementor-posts-container elementor-posts elementor-posts--skin-cards elementor-grid\" role=\"list\">\n\t\t\t\t<article class=\"elementor-post elementor-grid-item post-840 post type-post status-publish format-standard hentry category-novosti category-prijavnice\" role=\"listitem\">\n\t\t\t<div class=\"elementor-post__card\">\n\t\t\t\t<div class=\"elementor-post__text\">\n\t\t\t\t<h1 class=\"elementor-post__title\">\n\t\t\t<a href=\"https:\/\/172-104-237-14.ip.linodeusercontent.com\/index.php\/2026\/02\/03\/yhhyyh\/\" >\n\t\t\t\tyhhyyh\t\t\t<\/a>\n\t\t<\/h1>\n\t\t\t\t<div class=\"elementor-post__excerpt\">\n\t\t\t<p>yhyhbnhnjjmnjm<\/p>\n\t\t<\/div>\n\t\t\t\t<\/div>\n\t\t\t\t<div class=\"elementor-post__meta-data\">\n\t\t\t\t\t<span class=\"elementor-post-author\">\n\t\t\tBecar\t\t<\/span>\n\t\t\t\t<span class=\"elementor-post-date\">\n\t\t\t03\/02\/2026\t\t<\/span>\n\t\t\t\t<\/div>\n\t\t\t\t\t<\/div>\n\t\t<\/article>\n\t\t\t\t<article class=\"elementor-post elementor-grid-item post-167 post type-post status-publish format-standard has-post-thumbnail hentry category-novosti\" role=\"listitem\">\n\t\t\t<div class=\"elementor-post__card\">\n\t\t\t\t<a class=\"elementor-post__thumbnail__link\" href=\"https:\/\/172-104-237-14.ip.linodeusercontent.com\/index.php\/2026\/01\/19\/deset-dana-zimovanja\/\" tabindex=\"-1\" ><div class=\"elementor-post__thumbnail\"><img fetchpriority=\"high\" decoding=\"async\" width=\"300\" height=\"200\" src=\"https:\/\/172-104-237-14.ip.linodeusercontent.com\/wp-content\/uploads\/2026\/01\/AB-71-300x200.jpg\" class=\"attachment-medium size-medium wp-image-205\" alt=\"\" srcset=\"https:\/\/172-104-237-14.ip.linodeusercontent.com\/wp-content\/uploads\/2026\/01\/AB-71-300x200.jpg 300w, https:\/\/172-104-237-14.ip.linodeusercontent.com\/wp-content\/uploads\/2026\/01\/AB-71-1024x683.jpg 1024w, https:\/\/172-104-237-14.ip.linodeusercontent.com\/wp-content\/uploads\/2026\/01\/AB-71-768x512.jpg 768w, https:\/\/172-104-237-14.ip.linodeusercontent.com\/wp-content\/uploads\/2026\/01\/AB-71-1536x1024.jpg 1536w, https:\/\/172-104-237-14.ip.linodeusercontent.com\/wp-content\/uploads\/2026\/01\/AB-71.jpg 1920w\" sizes=\"(max-width: 300px) 100vw, 300px\" \/><\/div><\/a>\n\t\t\t\t<div class=\"elementor-post__badge\">Novosti<\/div>\n\t\t\t\t<div class=\"elementor-post__text\">\n\t\t\t\t<h1 class=\"elementor-post__title\">\n\t\t\t<a href=\"https:\/\/172-104-237-14.ip.linodeusercontent.com\/index.php\/2026\/01\/19\/deset-dana-zimovanja\/\" >\n\t\t\t\tDeset dana zimovanja\t\t\t<\/a>\n\t\t<\/h1>\n\t\t\t\t<div class=\"elementor-post__excerpt\">\n\t\t\t<p>Zimske \u0161kolske praznike turopoljski su skauti iskoristili za vi\u0161ednevni boravak u prirodi. Poletarci su zimovali u Velikom \u017ditniku, a izvi\u0111a\u010di<\/p>\n\t\t<\/div>\n\t\t\t\t<\/div>\n\t\t\t\t<div class=\"elementor-post__meta-data\">\n\t\t\t\t\t<span class=\"elementor-post-author\">\n\t\t\tBecar\t\t<\/span>\n\t\t\t\t<span class=\"elementor-post-date\">\n\t\t\t19\/01\/2026\t\t<\/span>\n\t\t\t\t<\/div>\n\t\t\t\t\t<\/div>\n\t\t<\/article>\n\t\t\t\t<\/div>\n\t\t\n\t\t\t\t\t\t<\/div>\n\t\t\t\t<\/div>\n\t\t\t\t<\/div>\n\t\t\t\t<\/div>\n\t\t","protected":false},"excerpt":{"rendered":"<p>Na\u0161i nadolaze\u0107i doga\u0111aji Doga\u0111aji Ovdje mo\u017eete prona\u0107i informacije o planiranim doga\u0111ajima i aktivnostima. Pratite kalendar kako biste bili u toku sa svim prilikama za sudjelovanje. Najnovije vijesti Aktualnosti i novosti na\u0161e organizacije<\/p>\n","protected":false},"author":1,"featured_media":0,"parent":0,"menu_order":0,"comment_status":"closed","ping_status":"closed","template":"","meta":{"footnotes":""},"class_list":["post-67","page","type-page","status-publish","hentry"],"_links":{"self":[{"href":"https:\/\/172-104-237-14.ip.linodeusercontent.com\/index.php\/wp-json\/wp\/v2\/pages\/67","targetHints":{"allow":["GET"]}}],"collection":[{"href":"https:\/\/172-104-237-14.ip.linodeusercontent.com\/index.php\/wp-json\/wp\/v2\/pages"}],"about":[{"href":"https:\/\/172-104-237-14.ip.linodeusercontent.com\/index.php\/wp-json\/wp\/v2\/types\/page"}],"author":[{"embeddable":true,"href":"https:\/\/172-104-237-14.ip.linodeusercontent.com\/index.php\/wp-json\/wp\/v2\/users\/1"}],"replies":[{"embeddable":true,"href":"https:\/\/172-104-237-14.ip.linodeusercontent.com\/index.php\/wp-json\/wp\/v2\/comments?post=67"}],"version-history":[{"count":543,"href":"https:\/\/172-104-237-14.ip.linodeusercontent.com\/index.php\/wp-json\/wp\/v2\/pages\/67\/revisions"}],"predecessor-version":[{"id":1612,"href":"https:\/\/172-104-237-14.ip.linodeusercontent.com\/index.php\/wp-json\/wp\/v2\/pages\/67\/revisions\/1612"}],"wp:attachment":[{"href":"https:\/\/172-104-237-14.ip.linodeusercontent.com\/index.php\/wp-json\/wp\/v2\/media?parent=67"}],"curies":[{"name":"wp","href":"https:\/\/api.w.org\/{rel}","templated":true}]}}